{"id":11591,"date":"2025-05-23T11:30:42","date_gmt":"2025-05-23T08:30:42","guid":{"rendered":"https:\/\/appetite.md\/?post_type=product&#038;p=11591"},"modified":"2026-04-28T13:39:23","modified_gmt":"2026-04-28T10:39:23","slug":"meniu-avantajos-joi-s3","status":"publish","type":"product","link":"https:\/\/appetite.md\/ru\/product\/meniu-avantajos-joi-s3\/","title":{"rendered":"Meniu Avantajos Joi"},"content":{"rendered":"<p><strong>Piureu de maz\u0103re 200 gr.: <\/strong>mazare uscata, unt, sare.<br \/>\n<strong>C\u00e2rn\u0103ciori de g\u0103in\u0103 100 gr.: <\/strong>carne de pui, sare, amestec de condiment, legume si ierburi<br \/>\nuscate, stabilizator E 262.<br \/>\n<strong>Salat\u0103 Antalya 100 gr.:<\/strong> varza, castraveti, rosii, betisoare crabi, porumb, maioneza, sare, piper<br \/>\nnegru.<\/p>","protected":false},"excerpt":{"rendered":"<p>\u2713 Piureu de maz\u0103re 200 gr.<br \/>\n\u2713 C\u00e2rn\u0103ciori de g\u0103in\u0103 100 gr.<br \/>\n\u2713 Salat\u0103 Antalya 100 gr.<\/p>","protected":false},"featured_media":11505,"template":"","meta":[],"product_brand":[],"product_cat":[103,15,124],"product_tag":[228,207,210,292,213,209,212],"class_list":{"0":"post-11591","1":"product","2":"type-product","3":"status-publish","4":"has-post-thumbnail","6":"product_cat-avantajos","7":"product_cat-meniu-saptamanal","8":"product_cat-saptamana-3-avantajos","9":"product_tag-11-12-2025","10":"product_tag-12-06-2025","11":"product_tag-14-08-2025","12":"product_tag-16-04-2026","13":"product_tag-16-10-2025","14":"product_tag-24-07-2025","15":"product_tag-25-09-2025","16":"pa_tip-mare","17":"pa_tip-mica","18":"xt_wooqv-pos-over-image","20":"first","21":"instock","22":"shipping-taxable","23":"purchasable","24":"product-type-simple"},"jetpack_sharing_enabled":true,"_links":{"self":[{"href":"https:\/\/appetite.md\/ru\/wp-json\/wp\/v2\/product\/11591","targetHints":{"allow":["GET"]}}],"collection":[{"href":"https:\/\/appetite.md\/ru\/wp-json\/wp\/v2\/product"}],"about":[{"href":"https:\/\/appetite.md\/ru\/wp-json\/wp\/v2\/types\/product"}],"version-history":[{"count":1,"href":"https:\/\/appetite.md\/ru\/wp-json\/wp\/v2\/product\/11591\/revisions"}],"predecessor-version":[{"id":11715,"href":"https:\/\/appetite.md\/ru\/wp-json\/wp\/v2\/product\/11591\/revisions\/11715"}],"wp:featuredmedia":[{"embeddable":true,"href":"https:\/\/appetite.md\/ru\/wp-json\/wp\/v2\/media\/11505"}],"wp:attachment":[{"href":"https:\/\/appetite.md\/ru\/wp-json\/wp\/v2\/media?parent=11591"}],"wp:term":[{"taxonomy":"product_brand","embeddable":true,"href":"https:\/\/appetite.md\/ru\/wp-json\/wp\/v2\/product_brand?post=11591"},{"taxonomy":"product_cat","embeddable":true,"href":"https:\/\/appetite.md\/ru\/wp-json\/wp\/v2\/product_cat?post=11591"},{"taxonomy":"product_tag","embeddable":true,"href":"https:\/\/appetite.md\/ru\/wp-json\/wp\/v2\/product_tag?post=11591"}],"curies":[{"name":"wp","href":"https:\/\/api.w.org\/{rel}","templated":true}]}}